{"id":28829,"date":"2025-09-17T16:17:21","date_gmt":"2025-09-17T16:17:21","guid":{"rendered":"https:\/\/eselmind.academy\/?page_id=28829"},"modified":"2026-01-27T14:51:04","modified_gmt":"2026-01-27T14:51:04","slug":"aviso-legal","status":"publish","type":"page","link":"https:\/\/eselmind.academy\/en\/aviso-legal\/","title":{"rendered":"Aviso Legal"},"content":{"rendered":"<div data-elementor-type=\"wp-page\" data-elementor-id=\"28829\" class=\"elementor elementor-28829\" data-elementor-post-type=\"page\">\n\t\t\t\t<div class=\"elementor-element elementor-element-43be1bf5 e-flex e-con-boxed e-con e-parent\" data-id=\"43be1bf5\" data-element_type=\"container\">\n\t\t\t\t\t<div class=\"e-con-inner\">\n\t\t<div class=\"elementor-element elementor-element-66076037 e-con-full e-flex e-con e-child\" data-id=\"66076037\" data-element_type=\"container\" data-settings=\"{&quot;background_background&quot;:&quot;classic&quot;}\">\n\t\t\t\t<div class=\"elementor-element elementor-element-493c9cf9 elementor-widget elementor-widget-heading\" data-id=\"493c9cf9\" data-element_type=\"widget\" data-widget_type=\"heading.default\">\n\t\t\t\t\t<h2 class=\"elementor-heading-title elementor-size-default\">Aviso Legal<\/h2>\t\t\t\t<\/div>\n\t\t\t\t<div class=\"elementor-element elementor-element-1fff05a1 elementor-widget elementor-widget-text-editor\" data-id=\"1fff05a1\" data-element_type=\"widget\" data-widget_type=\"text-editor.default\">\n\t\t\t\t\t\t\t\t\t<p><strong>1. Identificaci\u00f3n del Titular de la Web<\/strong><br>El presente sitio web: www.eseldmind.academy (en adelante, \u201cla Web\u201d) es propiedad de Eseldmind FZCO, con correo electr\u00f3nico de contacto eselmindacademy@gmail.com y que act\u00faa en calidad de prestador de servicios de formaci\u00f3n online.<\/p>\n<p><strong>2. Propiedad Intelectual<\/strong><br>Todos los contenidos de la Web, incluyendo textos, gr\u00e1ficos, im\u00e1genes, logotipos, v\u00eddeos, tutoriales, materiales de aprendizaje, bases de datos, software y dem\u00e1s elementos, son propiedad de Eseldmind FZCO o de sus licenciantes, estando protegidos por derechos de propiedad intelectual. Queda prohibida la reproducci\u00f3n, distribuci\u00f3n, comunicaci\u00f3n p\u00fablica o transformaci\u00f3n de los contenidos sin el consentimiento expreso y por escrito de Eselmind FZCO, salvo lo expresamente permitido en estas condiciones.<\/p>\n<p><strong>3. Responsabilidad por el Uso del Sitio Web<\/strong><br>El usuario se compromete a utilizar la Web de conformidad con las leyes, el presente Aviso Legal y la normativa aplicable. Eseldmind FZCO no se hace responsable de los da\u00f1os o perjuicios que puedan derivarse de un uso no autorizado del sitio web, o de los servicios ofrecidos.<\/p>\t\t\t\t\t\t\t\t<\/div>\n\t\t\t\t<div class=\"elementor-element elementor-element-56116b51 elementor-align-left elementor-widget elementor-widget-button\" data-id=\"56116b51\" data-element_type=\"widget\" data-widget_type=\"button.default\">\n\t\t\t\t\t\t\t\t\t\t<a class=\"elementor-button elementor-button-link elementor-size-sm\" href=\"https:\/\/eselmind.academy\/en\/\">\n\t\t\t\t\t\t<span class=\"elementor-button-content-wrapper\">\n\t\t\t\t\t\t\t\t\t<span class=\"elementor-button-text\">Volver a la pagina<\/span>\n\t\t\t\t\t<\/span>\n\t\t\t\t\t<\/a>\n\t\t\t\t\t\t\t\t<\/div>\n\t\t\t\t<\/div>\n\t\t\t\t\t<\/div>\n\t\t\t\t<\/div>\n\t\t\t\t<\/div>","protected":false},"excerpt":{"rendered":"<p>Aviso Legal 1. Identificaci\u00f3n del Titular de la WebEl presente sitio web: www.eseldmind.academy (en adelante, \u201cla Web\u201d) es propiedad de Eseldmind FZCO, con correo electr\u00f3nico de contacto eselmindacademy@gmail.com y que act\u00faa en calidad de prestador de servicios de formaci\u00f3n online. 2. Propiedad IntelectualTodos los contenidos de la Web, incluyendo textos, gr\u00e1ficos, im\u00e1genes, logotipos, v\u00eddeos, tutoriales, [&hellip;]<\/p>","protected":false},"author":19,"featured_media":0,"parent":0,"menu_order":0,"comment_status":"closed","ping_status":"closed","template":"elementor_canvas","meta":{"footnotes":""},"class_list":["post-28829","page","type-page","status-publish","hentry"],"_links":{"self":[{"href":"https:\/\/eselmind.academy\/en\/wp-json\/wp\/v2\/pages\/28829","targetHints":{"allow":["GET"]}}],"collection":[{"href":"https:\/\/eselmind.academy\/en\/wp-json\/wp\/v2\/pages"}],"about":[{"href":"https:\/\/eselmind.academy\/en\/wp-json\/wp\/v2\/types\/page"}],"author":[{"embeddable":true,"href":"https:\/\/eselmind.academy\/en\/wp-json\/wp\/v2\/users\/19"}],"replies":[{"embeddable":true,"href":"https:\/\/eselmind.academy\/en\/wp-json\/wp\/v2\/comments?post=28829"}],"version-history":[{"count":26,"href":"https:\/\/eselmind.academy\/en\/wp-json\/wp\/v2\/pages\/28829\/revisions"}],"predecessor-version":[{"id":29442,"href":"https:\/\/eselmind.academy\/en\/wp-json\/wp\/v2\/pages\/28829\/revisions\/29442"}],"wp:attachment":[{"href":"https:\/\/eselmind.academy\/en\/wp-json\/wp\/v2\/media?parent=28829"}],"curies":[{"name":"wp","href":"https:\/\/api.w.org\/{rel}","templated":true}]}}